{"id":61,"date":"2023-10-11T23:30:36","date_gmt":"2023-10-11T23:30:36","guid":{"rendered":"https:\/\/portaltattoo.com\/noticias\/?page_id=61"},"modified":"2023-10-11T23:30:36","modified_gmt":"2023-10-11T23:30:36","slug":"contato","status":"publish","type":"page","link":"http:\/\/portaltattoo.com\/noticias\/contato\/","title":{"rendered":"Contato"},"content":{"rendered":"<p>Agradecemos muito os teus coment\u00e1rios e esperamos receber o teu contato.<\/p>\n<p>Se desejas entrar em contato connosco ou tens coment\u00e1rios sobre o nosso site, convidamos-te a escrever para o endere\u00e7o de e-mail mostrado abaixo.<\/p>\n<p>Por favor, utiliza um assunto claro na tua mensagem para que possamos identificar a tua consulta no meio do grande volume de e-mails que recebemos diariamente. Faremos o nosso melhor para responder o mais r\u00e1pido poss\u00edvel.<\/p>\n<p>Valorizamos muito os teus coment\u00e1rios na forma de cr\u00edticas ou coment\u00e1rios no nosso site. Por favor, n\u00e3o te esque\u00e7as de deix\u00e1-los na sec\u00e7\u00e3o de coment\u00e1rios que se encontra abaixo de cada artigo.<\/p>\n<p>Se tens perguntas ou coment\u00e1rios sobre os produtos que analisamos, convidamos-te a expressar as tuas opini\u00f5es na sec\u00e7\u00e3o de coment\u00e1rios relacionada.<\/p>\n<p>\u00c9 importante destacar que n\u00e3o vendemos nem armazenamos os produtos que analisamos. Se tiveres problemas com a compra, recomendamos que entres em contato diretamente com o fabricante.<\/p>\n<p>Lamentavelmente, devido ao grande volume de perguntas que recebemos, n\u00e3o podemos responder a e-mails relacionados com a compra de suplementos alimentares.<\/p>\n<p>Para obter informa\u00e7\u00f5es adicionais, convidamos-te a entrar em contato connosco no seguinte endere\u00e7o de e-mail: Contato: info@portaltattoo.com.<\/p>\n","protected":false},"excerpt":{"rendered":"<p>Agradecemos muito os teus coment\u00e1rios e esperamos receber o teu contato. Se desejas entrar em contato connosco ou tens coment\u00e1rios sobre o nosso site, convidamos-te a escrever para o endere\u00e7o de e-mail mostrado abaixo. Por favor, utiliza um assunto claro na tua mensagem para que possamos identificar a tua consulta no meio do grande volume&hellip; <\/p>\n<div class=\"readmore-wrapper\"><a href=\"http:\/\/portaltattoo.com\/noticias\/contato\/\" class=\"more-link\">Read More<\/a><\/div>\n","protected":false},"author":1,"featured_media":0,"parent":0,"menu_order":0,"comment_status":"closed","ping_status":"closed","template":"","meta":{"footnotes":""},"yoast_head":"<!-- This site is optimized with the Yoast SEO plugin v21.3 - https:\/\/yoast.com\/wordpress\/plugins\/seo\/ -->\n<title>Contato<\/title>\n<meta name=\"robots\" content=\"index, follow, max-snippet:-1, max-image-preview:large, max-video-preview:-1\" \/>\n<link rel=\"canonical\" href=\"http:\/\/portaltattoo.com\/noticias\/contato\/\" \/>\n<meta property=\"og:locale\" content=\"pt_PT\" \/>\n<meta property=\"og:type\" content=\"article\" \/>\n<meta property=\"og:title\" content=\"Contato\" \/>\n<meta property=\"og:description\" content=\"Agradecemos muito os teus coment\u00e1rios e esperamos receber o teu contato. Se desejas entrar em contato connosco ou tens coment\u00e1rios sobre o nosso site, convidamos-te a escrever para o endere\u00e7o de e-mail mostrado abaixo. Por favor, utiliza um assunto claro na tua mensagem para que possamos identificar a tua consulta no meio do grande volume&hellip; Read More\" \/>\n<meta property=\"og:url\" content=\"http:\/\/portaltattoo.com\/noticias\/contato\/\" \/>\n<meta property=\"og:site_name\" content=\"Portal Tattoo - noticias\" \/>\n<meta name=\"twitter:card\" content=\"summary_large_image\" \/>\n<meta name=\"twitter:label1\" content=\"Tempo estimado de leitura\" \/>\n\t<meta name=\"twitter:data1\" content=\"2 minutos\" \/>\n<script type=\"application\/ld+json\" class=\"yoast-schema-graph\">{\"@context\":\"https:\/\/schema.org\",\"@graph\":[{\"@type\":\"WebPage\",\"@id\":\"http:\/\/portaltattoo.com\/noticias\/contato\/\",\"url\":\"http:\/\/portaltattoo.com\/noticias\/contato\/\",\"name\":\"Contato\",\"isPartOf\":{\"@id\":\"https:\/\/portaltattoo.com\/noticias\/#website\"},\"datePublished\":\"2023-10-11T23:30:36+00:00\",\"dateModified\":\"2023-10-11T23:30:36+00:00\",\"breadcrumb\":{\"@id\":\"http:\/\/portaltattoo.com\/noticias\/contato\/#breadcrumb\"},\"inLanguage\":\"pt-PT\",\"potentialAction\":[{\"@type\":\"ReadAction\",\"target\":[\"http:\/\/portaltattoo.com\/noticias\/contato\/\"]}]},{\"@type\":\"BreadcrumbList\",\"@id\":\"http:\/\/portaltattoo.com\/noticias\/contato\/#breadcrumb\",\"itemListElement\":[{\"@type\":\"ListItem\",\"position\":1,\"name\":\"In\u00edcio\",\"item\":\"https:\/\/portaltattoo.com\/noticias\/\"},{\"@type\":\"ListItem\",\"position\":2,\"name\":\"Contato\"}]},{\"@type\":\"WebSite\",\"@id\":\"https:\/\/portaltattoo.com\/noticias\/#website\",\"url\":\"https:\/\/portaltattoo.com\/noticias\/\",\"name\":\"Portal Tattoo - noticias\",\"description\":\"\",\"potentialAction\":[{\"@type\":\"SearchAction\",\"target\":{\"@type\":\"EntryPoint\",\"urlTemplate\":\"https:\/\/portaltattoo.com\/noticias\/?s={search_term_string}\"},\"query-input\":\"required name=search_term_string\"}],\"inLanguage\":\"pt-PT\"}]}<\/script>\n<!-- \/ Yoast SEO plugin. -->","yoast_head_json":{"title":"Contato","robots":{"index":"index","follow":"follow","max-snippet":"max-snippet:-1","max-image-preview":"max-image-preview:large","max-video-preview":"max-video-preview:-1"},"canonical":"http:\/\/portaltattoo.com\/noticias\/contato\/","og_locale":"pt_PT","og_type":"article","og_title":"Contato","og_description":"Agradecemos muito os teus coment\u00e1rios e esperamos receber o teu contato. Se desejas entrar em contato connosco ou tens coment\u00e1rios sobre o nosso site, convidamos-te a escrever para o endere\u00e7o de e-mail mostrado abaixo. Por favor, utiliza um assunto claro na tua mensagem para que possamos identificar a tua consulta no meio do grande volume&hellip; Read More","og_url":"http:\/\/portaltattoo.com\/noticias\/contato\/","og_site_name":"Portal Tattoo - noticias","twitter_card":"summary_large_image","twitter_misc":{"Tempo estimado de leitura":"2 minutos"},"schema":{"@context":"https:\/\/schema.org","@graph":[{"@type":"WebPage","@id":"http:\/\/portaltattoo.com\/noticias\/contato\/","url":"http:\/\/portaltattoo.com\/noticias\/contato\/","name":"Contato","isPartOf":{"@id":"https:\/\/portaltattoo.com\/noticias\/#website"},"datePublished":"2023-10-11T23:30:36+00:00","dateModified":"2023-10-11T23:30:36+00:00","breadcrumb":{"@id":"http:\/\/portaltattoo.com\/noticias\/contato\/#breadcrumb"},"inLanguage":"pt-PT","potentialAction":[{"@type":"ReadAction","target":["http:\/\/portaltattoo.com\/noticias\/contato\/"]}]},{"@type":"BreadcrumbList","@id":"http:\/\/portaltattoo.com\/noticias\/contato\/#breadcrumb","itemListElement":[{"@type":"ListItem","position":1,"name":"In\u00edcio","item":"https:\/\/portaltattoo.com\/noticias\/"},{"@type":"ListItem","position":2,"name":"Contato"}]},{"@type":"WebSite","@id":"https:\/\/portaltattoo.com\/noticias\/#website","url":"https:\/\/portaltattoo.com\/noticias\/","name":"Portal Tattoo - noticias","description":"","potentialAction":[{"@type":"SearchAction","target":{"@type":"EntryPoint","urlTemplate":"https:\/\/portaltattoo.com\/noticias\/?s={search_term_string}"},"query-input":"required name=search_term_string"}],"inLanguage":"pt-PT"}]}},"_links":{"self":[{"href":"https:\/\/portaltattoo.com\/noticias\/wp-json\/wp\/v2\/pages\/61"}],"collection":[{"href":"https:\/\/portaltattoo.com\/noticias\/wp-json\/wp\/v2\/pages"}],"about":[{"href":"https:\/\/portaltattoo.com\/noticias\/wp-json\/wp\/v2\/types\/page"}],"author":[{"embeddable":true,"href":"https:\/\/portaltattoo.com\/noticias\/wp-json\/wp\/v2\/users\/1"}],"replies":[{"embeddable":true,"href":"https:\/\/portaltattoo.com\/noticias\/wp-json\/wp\/v2\/comments?post=61"}],"version-history":[{"count":1,"href":"https:\/\/portaltattoo.com\/noticias\/wp-json\/wp\/v2\/pages\/61\/revisions"}],"predecessor-version":[{"id":62,"href":"https:\/\/portaltattoo.com\/noticias\/wp-json\/wp\/v2\/pages\/61\/revisions\/62"}],"wp:attachment":[{"href":"https:\/\/portaltattoo.com\/noticias\/wp-json\/wp\/v2\/media?parent=61"}],"curies":[{"name":"wp","href":"https:\/\/api.w.org\/{rel}","templated":true}]}}