{"id":59,"date":"2023-10-11T23:28:36","date_gmt":"2023-10-11T23:28:36","guid":{"rendered":"https:\/\/portaltattoo.com\/noticias\/?page_id=59"},"modified":"2023-10-11T23:28:36","modified_gmt":"2023-10-11T23:28:36","slug":"condicoes-de-uso","status":"publish","type":"page","link":"http:\/\/portaltattoo.com\/noticias\/condicoes-de-uso\/","title":{"rendered":"Condi\u00e7\u00f5es de uso"},"content":{"rendered":"<p>Por favor, revise atentamente estes detalhes antes de utilizar este servi\u00e7o.<\/p>\n<p>O acesso e uso deste servi\u00e7o dependem do seu consentimento e da sua conformidade com estes termos. Estes termos aplicam-se a todos os visitantes, utilizadores e qualquer pessoa que aceda ou utilize este servi\u00e7o.<\/p>\n<p>Ao aceder ou utilizar este servi\u00e7o, concorda em cumprir estes termos. Se n\u00e3o concordar com alguma parte destes termos, recomendamos que deixe de aceder a este servi\u00e7o.<\/p>\n<p>Direitos de propriedade intelectual<br \/>\nO servi\u00e7o e o seu conte\u00fado original s\u00e3o propriedade intelectual de https:\/\/portaltattoo.com e do propriet\u00e1rio com licen\u00e7a deste servi\u00e7o. Este servi\u00e7o \u00e9 protegido por direitos de autor, direitos de marca registada e outras leis na Isl\u00e2ndia e noutros pa\u00edses. A utiliza\u00e7\u00e3o dos nossos direitos e log\u00f3tipos n\u00e3o \u00e9 permitida sem autoriza\u00e7\u00e3o de https:\/\/portaltattoo.com.<\/p>\n<p>Links para outros sites<br \/>\nO nosso servi\u00e7o pode conter liga\u00e7\u00f5es para sites web ou servi\u00e7os de terceiros que n\u00e3o est\u00e3o sob o controlo ou propriedade de https:\/\/portaltattoo.com.<\/p>\n<p>https:\/\/portaltattoo.com n\u00e3o tem controlo sobre o conte\u00fado, pol\u00edtica de privacidade ou pr\u00e1ticas de sites web ou servi\u00e7os de terceiros. Reconhece e concorda que https:\/\/portaltattoo.com n\u00e3o ser\u00e1 de forma alguma respons\u00e1vel por danos ou perdas resultantes ou relacionados com o conte\u00fado de produtos ou servi\u00e7os dispon\u00edveis atrav\u00e9s desses sites web ou servi\u00e7os.<\/p>\n<p>Recomendamos que reveja os termos e a pol\u00edtica de privacidade dos sites web ou servi\u00e7os de terceiros que visite.<\/p>\n<p>Rescis\u00e3o<br \/>\nPodemos rescindir ou suspender imediatamente o seu acesso a este servi\u00e7o, sem aviso pr\u00e9vio ou responsabilidade por qualquer motivo, incluindo, entre outros, o incumprimento dos termos.<\/p>\n<p>Ao rescindir, deve deixar de utilizar este servi\u00e7o imediatamente.<\/p>\n<p>Limita\u00e7\u00e3o de responsabilidade<br \/>\nEm \u00faltima inst\u00e2ncia, https:\/\/portaltattoo.com, incluindo diretores, funcion\u00e1rios, parceiros, agentes, fornecedores ou afiliados, n\u00e3o ser\u00e3o respons\u00e1veis por danos indiretos de qualquer natureza, incluindo, entre outros, perda de lucros, dados, utiliza\u00e7\u00e3o ou boa vontade, quer por contrato ou il\u00edcito (incluindo neglig\u00eancia) ou de outra forma, mesmo que tenha sido avisado da possibilidade de tais danos.<\/p>\n<p>Utiliza\u00e7\u00e3o por sua conta e risco<br \/>\nA sua utiliza\u00e7\u00e3o deste servi\u00e7o \u00e9 por sua conta e risco. Este servi\u00e7o \u00e9 fornecido &#8220;tal como est\u00e1&#8221; e &#8220;conforme disponibilidade&#8221;. Este servi\u00e7o \u00e9 fornecido sem garantias, expressas ou impl\u00edcitas, incluindo, entre outras, garantias impl\u00edcitas de comercializa\u00e7\u00e3o, adequa\u00e7\u00e3o a uma finalidade espec\u00edfica, n\u00e3o infra\u00e7\u00e3o ou qualidade comercial.<\/p>\n<p>https:\/\/portaltattoo.com, incluindo parceiros comerciais, n\u00e3o garante que (a) o servi\u00e7o funcione sem interrup\u00e7\u00f5es, seja seguro ou esteja dispon\u00edvel num momento ou local espec\u00edfico; (b) qualquer erro ou defeito seja corrigido; (c) o servi\u00e7o esteja livre de v\u00edrus ou componentes prejudiciais; ou (d) os resultados da utiliza\u00e7\u00e3o do servi\u00e7o cumpram os seus requisitos.<\/p>\n","protected":false},"excerpt":{"rendered":"<p>Por favor, revise atentamente estes detalhes antes de utilizar este servi\u00e7o. O acesso e uso deste servi\u00e7o dependem do seu consentimento e da sua conformidade com estes termos. Estes termos aplicam-se a todos os visitantes, utilizadores e qualquer pessoa que aceda ou utilize este servi\u00e7o. Ao aceder ou utilizar este servi\u00e7o, concorda em cumprir estes&hellip; <\/p>\n<div class=\"readmore-wrapper\"><a href=\"http:\/\/portaltattoo.com\/noticias\/condicoes-de-uso\/\" class=\"more-link\">Read More<\/a><\/div>\n","protected":false},"author":1,"featured_media":0,"parent":0,"menu_order":0,"comment_status":"closed","ping_status":"closed","template":"","meta":{"footnotes":""},"yoast_head":"<!-- This site is optimized with the Yoast SEO plugin v21.3 - https:\/\/yoast.com\/wordpress\/plugins\/seo\/ -->\n<title>Condi\u00e7\u00f5es de uso<\/title>\n<meta name=\"robots\" content=\"index, follow, max-snippet:-1, max-image-preview:large, max-video-preview:-1\" \/>\n<link rel=\"canonical\" href=\"http:\/\/portaltattoo.com\/noticias\/condicoes-de-uso\/\" \/>\n<meta property=\"og:locale\" content=\"pt_PT\" \/>\n<meta property=\"og:type\" content=\"article\" \/>\n<meta property=\"og:title\" content=\"Condi\u00e7\u00f5es de uso\" \/>\n<meta property=\"og:description\" content=\"Por favor, revise atentamente estes detalhes antes de utilizar este servi\u00e7o. O acesso e uso deste servi\u00e7o dependem do seu consentimento e da sua conformidade com estes termos. Estes termos aplicam-se a todos os visitantes, utilizadores e qualquer pessoa que aceda ou utilize este servi\u00e7o. Ao aceder ou utilizar este servi\u00e7o, concorda em cumprir estes&hellip; Read More\" \/>\n<meta property=\"og:url\" content=\"http:\/\/portaltattoo.com\/noticias\/condicoes-de-uso\/\" \/>\n<meta property=\"og:site_name\" content=\"Portal Tattoo - noticias\" \/>\n<meta name=\"twitter:card\" content=\"summary_large_image\" \/>\n<meta name=\"twitter:label1\" content=\"Tempo estimado de leitura\" \/>\n\t<meta name=\"twitter:data1\" content=\"3 minutos\" \/>\n<script type=\"application\/ld+json\" class=\"yoast-schema-graph\">{\"@context\":\"https:\/\/schema.org\",\"@graph\":[{\"@type\":\"WebPage\",\"@id\":\"http:\/\/portaltattoo.com\/noticias\/condicoes-de-uso\/\",\"url\":\"http:\/\/portaltattoo.com\/noticias\/condicoes-de-uso\/\",\"name\":\"Condi\u00e7\u00f5es de uso\",\"isPartOf\":{\"@id\":\"https:\/\/portaltattoo.com\/noticias\/#website\"},\"datePublished\":\"2023-10-11T23:28:36+00:00\",\"dateModified\":\"2023-10-11T23:28:36+00:00\",\"breadcrumb\":{\"@id\":\"http:\/\/portaltattoo.com\/noticias\/condicoes-de-uso\/#breadcrumb\"},\"inLanguage\":\"pt-PT\",\"potentialAction\":[{\"@type\":\"ReadAction\",\"target\":[\"http:\/\/portaltattoo.com\/noticias\/condicoes-de-uso\/\"]}]},{\"@type\":\"BreadcrumbList\",\"@id\":\"http:\/\/portaltattoo.com\/noticias\/condicoes-de-uso\/#breadcrumb\",\"itemListElement\":[{\"@type\":\"ListItem\",\"position\":1,\"name\":\"In\u00edcio\",\"item\":\"https:\/\/portaltattoo.com\/noticias\/\"},{\"@type\":\"ListItem\",\"position\":2,\"name\":\"Condi\u00e7\u00f5es de uso\"}]},{\"@type\":\"WebSite\",\"@id\":\"https:\/\/portaltattoo.com\/noticias\/#website\",\"url\":\"https:\/\/portaltattoo.com\/noticias\/\",\"name\":\"Portal Tattoo - noticias\",\"description\":\"\",\"potentialAction\":[{\"@type\":\"SearchAction\",\"target\":{\"@type\":\"EntryPoint\",\"urlTemplate\":\"https:\/\/portaltattoo.com\/noticias\/?s={search_term_string}\"},\"query-input\":\"required name=search_term_string\"}],\"inLanguage\":\"pt-PT\"}]}<\/script>\n<!-- \/ Yoast SEO plugin. -->","yoast_head_json":{"title":"Condi\u00e7\u00f5es de uso","robots":{"index":"index","follow":"follow","max-snippet":"max-snippet:-1","max-image-preview":"max-image-preview:large","max-video-preview":"max-video-preview:-1"},"canonical":"http:\/\/portaltattoo.com\/noticias\/condicoes-de-uso\/","og_locale":"pt_PT","og_type":"article","og_title":"Condi\u00e7\u00f5es de uso","og_description":"Por favor, revise atentamente estes detalhes antes de utilizar este servi\u00e7o. O acesso e uso deste servi\u00e7o dependem do seu consentimento e da sua conformidade com estes termos. Estes termos aplicam-se a todos os visitantes, utilizadores e qualquer pessoa que aceda ou utilize este servi\u00e7o. Ao aceder ou utilizar este servi\u00e7o, concorda em cumprir estes&hellip; Read More","og_url":"http:\/\/portaltattoo.com\/noticias\/condicoes-de-uso\/","og_site_name":"Portal Tattoo - noticias","twitter_card":"summary_large_image","twitter_misc":{"Tempo estimado de leitura":"3 minutos"},"schema":{"@context":"https:\/\/schema.org","@graph":[{"@type":"WebPage","@id":"http:\/\/portaltattoo.com\/noticias\/condicoes-de-uso\/","url":"http:\/\/portaltattoo.com\/noticias\/condicoes-de-uso\/","name":"Condi\u00e7\u00f5es de uso","isPartOf":{"@id":"https:\/\/portaltattoo.com\/noticias\/#website"},"datePublished":"2023-10-11T23:28:36+00:00","dateModified":"2023-10-11T23:28:36+00:00","breadcrumb":{"@id":"http:\/\/portaltattoo.com\/noticias\/condicoes-de-uso\/#breadcrumb"},"inLanguage":"pt-PT","potentialAction":[{"@type":"ReadAction","target":["http:\/\/portaltattoo.com\/noticias\/condicoes-de-uso\/"]}]},{"@type":"BreadcrumbList","@id":"http:\/\/portaltattoo.com\/noticias\/condicoes-de-uso\/#breadcrumb","itemListElement":[{"@type":"ListItem","position":1,"name":"In\u00edcio","item":"https:\/\/portaltattoo.com\/noticias\/"},{"@type":"ListItem","position":2,"name":"Condi\u00e7\u00f5es de uso"}]},{"@type":"WebSite","@id":"https:\/\/portaltattoo.com\/noticias\/#website","url":"https:\/\/portaltattoo.com\/noticias\/","name":"Portal Tattoo - noticias","description":"","potentialAction":[{"@type":"SearchAction","target":{"@type":"EntryPoint","urlTemplate":"https:\/\/portaltattoo.com\/noticias\/?s={search_term_string}"},"query-input":"required name=search_term_string"}],"inLanguage":"pt-PT"}]}},"_links":{"self":[{"href":"https:\/\/portaltattoo.com\/noticias\/wp-json\/wp\/v2\/pages\/59"}],"collection":[{"href":"https:\/\/portaltattoo.com\/noticias\/wp-json\/wp\/v2\/pages"}],"about":[{"href":"https:\/\/portaltattoo.com\/noticias\/wp-json\/wp\/v2\/types\/page"}],"author":[{"embeddable":true,"href":"https:\/\/portaltattoo.com\/noticias\/wp-json\/wp\/v2\/users\/1"}],"replies":[{"embeddable":true,"href":"https:\/\/portaltattoo.com\/noticias\/wp-json\/wp\/v2\/comments?post=59"}],"version-history":[{"count":1,"href":"https:\/\/portaltattoo.com\/noticias\/wp-json\/wp\/v2\/pages\/59\/revisions"}],"predecessor-version":[{"id":60,"href":"https:\/\/portaltattoo.com\/noticias\/wp-json\/wp\/v2\/pages\/59\/revisions\/60"}],"wp:attachment":[{"href":"https:\/\/portaltattoo.com\/noticias\/wp-json\/wp\/v2\/media?parent=59"}],"curies":[{"name":"wp","href":"https:\/\/api.w.org\/{rel}","templated":true}]}}