{"id":57,"date":"2023-10-11T23:10:09","date_gmt":"2023-10-11T23:10:09","guid":{"rendered":"https:\/\/portaltattoo.com\/noticias\/?page_id=57"},"modified":"2023-10-11T23:10:09","modified_gmt":"2023-10-11T23:10:09","slug":"politica-de-privacidade","status":"publish","type":"page","link":"http:\/\/portaltattoo.com\/noticias\/politica-de-privacidade\/","title":{"rendered":"Pol\u00edtica de privacidade"},"content":{"rendered":"<p>No site https:\/\/portaltattoo.com, valorizamos a privacidade de nossos visitantes.<\/p>\n<p>No site https:\/\/portaltattoo.com, compreendemos a import\u00e2ncia de proteger a privacidade de suas informa\u00e7\u00f5es pessoais. Abaixo, voc\u00ea encontrar\u00e1 informa\u00e7\u00f5es sobre o tipo de dados pessoais que coletamos e usamos quando voc\u00ea visita o site https:\/\/portaltattoo.com, bem como as medidas que tomamos para proteger suas informa\u00e7\u00f5es. Observe que nunca vendemos suas informa\u00e7\u00f5es pessoais a terceiros.<\/p>\n<p>Arquivos de log<br \/>\nAssim como muitos outros sites, coletamos e usamos dados registrados em arquivos de log. Esses arquivos podem incluir seu endere\u00e7o IP, provedor de servi\u00e7os de Internet que voc\u00ea utiliza (como AOL ou Shaw Cable), o navegador que voc\u00ea usou ao visitar nosso site (como Internet Explorer ou Firefox), o hor\u00e1rio de sua visita e as p\u00e1ginas da web que voc\u00ea acessou em nosso site.<\/p>\n<p>Cookies e web beacons<br \/>\nUsamos cookies para armazenar informa\u00e7\u00f5es, como prefer\u00eancias pessoais quando voc\u00ea visita nosso site. Isso pode incluir configura\u00e7\u00f5es, como exibir uma janela pop-up uma vez durante sua visita ou permitir o acesso a algumas de nossas funcionalidades, como f\u00f3runs.<\/p>\n<p>Al\u00e9m disso, tamb\u00e9m usamos servi\u00e7os de publicidade de terceiros para apoiar nosso site. Alguns desses anunciantes podem usar cookies e web beacons para exibir an\u00fancios quando voc\u00ea visita nosso site. Esses anunciantes (como o Google por meio do programa Google AdSense) podem coletar informa\u00e7\u00f5es, como seu endere\u00e7o IP, provedor de servi\u00e7os de Internet, navegador usado para visitar nosso site e, em alguns casos, se voc\u00ea possui o Adobe Flash instalado. Isso \u00e9 usado principalmente para fins de direcionamento geogr\u00e1fico (por exemplo, exibir an\u00fancios de hot\u00e9is em Nova York para algu\u00e9m que visitou sites relacionados a Nova York) ou para exibir an\u00fancios espec\u00edficos com base nos sites que voc\u00ea visitou (por exemplo, exibir an\u00fancios de culin\u00e1ria para algu\u00e9m que visita sites relacionados a culin\u00e1ria).<\/p>\n<p>Cookies DoubleClick DART<br \/>\nTamb\u00e9m podemos usar cookies DoubleClick DART para exibir an\u00fancios por meio do Google DoubleClick. Esses cookies ser\u00e3o colocados em seu computador quando voc\u00ea visita sites e usa servi\u00e7os de an\u00fancios DoubleClick (incluindo alguns programas do Google AdSense). Esses cookies s\u00e3o usados para exibir an\u00fancios direcionados aos seus interesses (&#8220;segmenta\u00e7\u00e3o por categoria de interesses&#8221;) e selecionar an\u00fancios com base em seu hist\u00f3rico de navega\u00e7\u00e3o (por exemplo, se voc\u00ea visitou sites relacionados a Las Vegas, poder\u00e1 ver an\u00fancios de hot\u00e9is em Las Vegas quando visitar sites n\u00e3o relacionados, como sites de h\u00f3quei). O DART usa informa\u00e7\u00f5es que n\u00e3o o identificam pessoalmente e n\u00e3o revela nem compartilha informa\u00e7\u00f5es pessoais sobre voc\u00ea, como seu nome, endere\u00e7o de e-mail, endere\u00e7o f\u00edsico, n\u00famero de seguro social, n\u00famero de conta banc\u00e1ria ou n\u00famero do cart\u00e3o de cr\u00e9dito.<\/p>\n<p>Voc\u00ea pode optar por desativar cookies ou cookies de terceiros nas configura\u00e7\u00f5es do seu navegador ou gerenciando as prefer\u00eancias em programas de seguran\u00e7a, como o Norton Internet Security. No entanto, isso pode afetar sua capacidade de interagir com nosso site e outros sites, incluindo o login em f\u00f3runs ou contas.<\/p>\n<p>Excluir cookies n\u00e3o significa necessariamente que voc\u00ea est\u00e1 permanentemente exclu\u00eddo de qualquer programa de publicidade. Al\u00e9m disso, a exclus\u00e3o volunt\u00e1ria do direcionamento por categoria de interesses n\u00e3o impede que novos cookies sejam colocados.<\/p>\n","protected":false},"excerpt":{"rendered":"<p>No site https:\/\/portaltattoo.com, valorizamos a privacidade de nossos visitantes. No site https:\/\/portaltattoo.com, compreendemos a import\u00e2ncia de proteger a privacidade de suas informa\u00e7\u00f5es pessoais. Abaixo, voc\u00ea encontrar\u00e1 informa\u00e7\u00f5es sobre o tipo de dados pessoais que coletamos e usamos quando voc\u00ea visita o site https:\/\/portaltattoo.com, bem como as medidas que tomamos para proteger suas informa\u00e7\u00f5es. Observe que&hellip; <\/p>\n<div class=\"readmore-wrapper\"><a href=\"http:\/\/portaltattoo.com\/noticias\/politica-de-privacidade\/\" class=\"more-link\">Read More<\/a><\/div>\n","protected":false},"author":1,"featured_media":0,"parent":0,"menu_order":0,"comment_status":"closed","ping_status":"closed","template":"","meta":{"footnotes":""},"yoast_head":"<!-- This site is optimized with the Yoast SEO plugin v21.3 - https:\/\/yoast.com\/wordpress\/plugins\/seo\/ -->\n<title>Pol\u00edtica de privacidade<\/title>\n<meta name=\"robots\" content=\"index, follow, max-snippet:-1, max-image-preview:large, max-video-preview:-1\" \/>\n<link rel=\"canonical\" href=\"http:\/\/portaltattoo.com\/noticias\/politica-de-privacidade\/\" \/>\n<meta property=\"og:locale\" content=\"pt_PT\" \/>\n<meta property=\"og:type\" content=\"article\" \/>\n<meta property=\"og:title\" content=\"Pol\u00edtica de privacidade\" \/>\n<meta property=\"og:description\" content=\"No site https:\/\/portaltattoo.com, valorizamos a privacidade de nossos visitantes. No site https:\/\/portaltattoo.com, compreendemos a import\u00e2ncia de proteger a privacidade de suas informa\u00e7\u00f5es pessoais. Abaixo, voc\u00ea encontrar\u00e1 informa\u00e7\u00f5es sobre o tipo de dados pessoais que coletamos e usamos quando voc\u00ea visita o site https:\/\/portaltattoo.com, bem como as medidas que tomamos para proteger suas informa\u00e7\u00f5es. Observe que&hellip; Read More\" \/>\n<meta property=\"og:url\" content=\"http:\/\/portaltattoo.com\/noticias\/politica-de-privacidade\/\" \/>\n<meta property=\"og:site_name\" content=\"Portal Tattoo - noticias\" \/>\n<meta name=\"twitter:card\" content=\"summary_large_image\" \/>\n<meta name=\"twitter:label1\" content=\"Tempo estimado de leitura\" \/>\n\t<meta name=\"twitter:data1\" content=\"3 minutos\" \/>\n<script type=\"application\/ld+json\" class=\"yoast-schema-graph\">{\"@context\":\"https:\/\/schema.org\",\"@graph\":[{\"@type\":\"WebPage\",\"@id\":\"http:\/\/portaltattoo.com\/noticias\/politica-de-privacidade\/\",\"url\":\"http:\/\/portaltattoo.com\/noticias\/politica-de-privacidade\/\",\"name\":\"Pol\u00edtica de privacidade\",\"isPartOf\":{\"@id\":\"https:\/\/portaltattoo.com\/noticias\/#website\"},\"datePublished\":\"2023-10-11T23:10:09+00:00\",\"dateModified\":\"2023-10-11T23:10:09+00:00\",\"breadcrumb\":{\"@id\":\"http:\/\/portaltattoo.com\/noticias\/politica-de-privacidade\/#breadcrumb\"},\"inLanguage\":\"pt-PT\",\"potentialAction\":[{\"@type\":\"ReadAction\",\"target\":[\"http:\/\/portaltattoo.com\/noticias\/politica-de-privacidade\/\"]}]},{\"@type\":\"BreadcrumbList\",\"@id\":\"http:\/\/portaltattoo.com\/noticias\/politica-de-privacidade\/#breadcrumb\",\"itemListElement\":[{\"@type\":\"ListItem\",\"position\":1,\"name\":\"In\u00edcio\",\"item\":\"https:\/\/portaltattoo.com\/noticias\/\"},{\"@type\":\"ListItem\",\"position\":2,\"name\":\"Pol\u00edtica de privacidade\"}]},{\"@type\":\"WebSite\",\"@id\":\"https:\/\/portaltattoo.com\/noticias\/#website\",\"url\":\"https:\/\/portaltattoo.com\/noticias\/\",\"name\":\"Portal Tattoo - noticias\",\"description\":\"\",\"potentialAction\":[{\"@type\":\"SearchAction\",\"target\":{\"@type\":\"EntryPoint\",\"urlTemplate\":\"https:\/\/portaltattoo.com\/noticias\/?s={search_term_string}\"},\"query-input\":\"required name=search_term_string\"}],\"inLanguage\":\"pt-PT\"}]}<\/script>\n<!-- \/ Yoast SEO plugin. -->","yoast_head_json":{"title":"Pol\u00edtica de privacidade","robots":{"index":"index","follow":"follow","max-snippet":"max-snippet:-1","max-image-preview":"max-image-preview:large","max-video-preview":"max-video-preview:-1"},"canonical":"http:\/\/portaltattoo.com\/noticias\/politica-de-privacidade\/","og_locale":"pt_PT","og_type":"article","og_title":"Pol\u00edtica de privacidade","og_description":"No site https:\/\/portaltattoo.com, valorizamos a privacidade de nossos visitantes. No site https:\/\/portaltattoo.com, compreendemos a import\u00e2ncia de proteger a privacidade de suas informa\u00e7\u00f5es pessoais. Abaixo, voc\u00ea encontrar\u00e1 informa\u00e7\u00f5es sobre o tipo de dados pessoais que coletamos e usamos quando voc\u00ea visita o site https:\/\/portaltattoo.com, bem como as medidas que tomamos para proteger suas informa\u00e7\u00f5es. Observe que&hellip; Read More","og_url":"http:\/\/portaltattoo.com\/noticias\/politica-de-privacidade\/","og_site_name":"Portal Tattoo - noticias","twitter_card":"summary_large_image","twitter_misc":{"Tempo estimado de leitura":"3 minutos"},"schema":{"@context":"https:\/\/schema.org","@graph":[{"@type":"WebPage","@id":"http:\/\/portaltattoo.com\/noticias\/politica-de-privacidade\/","url":"http:\/\/portaltattoo.com\/noticias\/politica-de-privacidade\/","name":"Pol\u00edtica de privacidade","isPartOf":{"@id":"https:\/\/portaltattoo.com\/noticias\/#website"},"datePublished":"2023-10-11T23:10:09+00:00","dateModified":"2023-10-11T23:10:09+00:00","breadcrumb":{"@id":"http:\/\/portaltattoo.com\/noticias\/politica-de-privacidade\/#breadcrumb"},"inLanguage":"pt-PT","potentialAction":[{"@type":"ReadAction","target":["http:\/\/portaltattoo.com\/noticias\/politica-de-privacidade\/"]}]},{"@type":"BreadcrumbList","@id":"http:\/\/portaltattoo.com\/noticias\/politica-de-privacidade\/#breadcrumb","itemListElement":[{"@type":"ListItem","position":1,"name":"In\u00edcio","item":"https:\/\/portaltattoo.com\/noticias\/"},{"@type":"ListItem","position":2,"name":"Pol\u00edtica de privacidade"}]},{"@type":"WebSite","@id":"https:\/\/portaltattoo.com\/noticias\/#website","url":"https:\/\/portaltattoo.com\/noticias\/","name":"Portal Tattoo - noticias","description":"","potentialAction":[{"@type":"SearchAction","target":{"@type":"EntryPoint","urlTemplate":"https:\/\/portaltattoo.com\/noticias\/?s={search_term_string}"},"query-input":"required name=search_term_string"}],"inLanguage":"pt-PT"}]}},"_links":{"self":[{"href":"https:\/\/portaltattoo.com\/noticias\/wp-json\/wp\/v2\/pages\/57"}],"collection":[{"href":"https:\/\/portaltattoo.com\/noticias\/wp-json\/wp\/v2\/pages"}],"about":[{"href":"https:\/\/portaltattoo.com\/noticias\/wp-json\/wp\/v2\/types\/page"}],"author":[{"embeddable":true,"href":"https:\/\/portaltattoo.com\/noticias\/wp-json\/wp\/v2\/users\/1"}],"replies":[{"embeddable":true,"href":"https:\/\/portaltattoo.com\/noticias\/wp-json\/wp\/v2\/comments?post=57"}],"version-history":[{"count":1,"href":"https:\/\/portaltattoo.com\/noticias\/wp-json\/wp\/v2\/pages\/57\/revisions"}],"predecessor-version":[{"id":58,"href":"https:\/\/portaltattoo.com\/noticias\/wp-json\/wp\/v2\/pages\/57\/revisions\/58"}],"wp:attachment":[{"href":"https:\/\/portaltattoo.com\/noticias\/wp-json\/wp\/v2\/media?parent=57"}],"curies":[{"name":"wp","href":"https:\/\/api.w.org\/{rel}","templated":true}]}}